{"id":65,"date":"2024-12-11T12:43:11","date_gmt":"2024-12-11T11:43:11","guid":{"rendered":"http:\/\/atlanticjetfly.com\/?page_id=65"},"modified":"2024-12-24T16:47:52","modified_gmt":"2024-12-24T15:47:52","slug":"home","status":"publish","type":"page","link":"https:\/\/atlanticjetfly.com\/","title":{"rendered":"ACCUEIL"},"content":{"rendered":"\t\t<div data-elementor-type=\"wp-page\" data-elementor-id=\"65\" class=\"elementor elementor-65\">\n\t\t\t\t<div class=\"elementor-element elementor-element-8ab1591 e-flex e-con-boxed e-con e-parent\" data-id=\"8ab1591\" data-element_type=\"container\" data-settings=\"{&quot;background_background&quot;:&quot;slideshow&quot;,&quot;background_slideshow_gallery&quot;:[{&quot;id&quot;:23,&quot;url&quot;:&quot;http:\\\/\\\/atlanticjetfly.com\\\/wp-content\\\/uploads\\\/2024\\\/12\\\/photo-atlentic.png&quot;}],&quot;background_slideshow_loop&quot;:&quot;yes&quot;,&quot;background_slideshow_slide_duration&quot;:5000,&quot;background_slideshow_slide_transition&quot;:&quot;fade&quot;,&quot;background_slideshow_transition_duration&quot;:500}\">\n\t\t\t\t\t<div class=\"e-con-inner\">\n\t\t<div class=\"elementor-element elementor-element-c5e499f e-flex e-con-boxed e-con e-child\" data-id=\"c5e499f\" data-element_type=\"container\">\n\t\t\t\t\t<div class=\"e-con-inner\">\n\t\t<div class=\"elementor-element elementor-element-de61aeb e-con-full e-flex e-con e-child\" data-id=\"de61aeb\" data-element_type=\"container\">\n\t\t\t\t<div class=\"elementor-element elementor-element-13f5383 elementor-widget elementor-widget-heading\" data-id=\"13f5383\" data-element_type=\"widget\" data-widget_type=\"heading.default\">\n\t\t\t\t\t<h3 class=\"elementor-heading-title elementor-size-default\">Voyagez en Toute Exclusivit\u00e9<\/h3>\t\t\t\t<\/div>\n\t\t\t\t<\/div>\n\t\t<div class=\"elementor-element elementor-element-a06fe93 e-flex e-con-boxed e-con e-child\" data-id=\"a06fe93\" data-element_type=\"container\">\n\t\t\t\t\t<div class=\"e-con-inner\">\n\t\t\t\t<div class=\"elementor-element elementor-element-a5369d7 elementor-widget elementor-widget-button\" data-id=\"a5369d7\" data-element_type=\"widget\" data-settings=\"{&quot;_animation&quot;:&quot;none&quot;}\" data-widget_type=\"button.default\">\n\t\t\t\t\t\t\t\t\t\t<a class=\"elementor-button elementor-button-link elementor-size-sm\" href=\"http:\/\/atlanticjetfly.com\/index.php\/obtenir-une-quotation\/\">\n\t\t\t\t\t\t<span class=\"elementor-button-content-wrapper\">\n\t\t\t\t\t\t\t\t\t<span class=\"elementor-button-text\">R\u00e9server Maintenant<\/span>\n\t\t\t\t\t<\/span>\n\t\t\t\t\t<\/a>\n\t\t\t\t\t\t\t\t<\/div>\n\t\t\t\t\t<\/div>\n\t\t\t\t<\/div>\n\t\t\t\t\t<\/div>\n\t\t\t\t<\/div>\n\t\t\t\t\t<\/div>\n\t\t\t\t<\/div>\n\t\t<div class=\"elementor-element elementor-element-a680094 e-con-full e-flex e-con e-parent\" data-id=\"a680094\" data-element_type=\"container\">\n\t\t<div class=\"elementor-element elementor-element-6c58e97 e-grid e-con-full e-con e-child\" data-id=\"6c58e97\" data-element_type=\"container\">\n\t\t<div class=\"elementor-element elementor-element-84d360c e-con-full e-flex e-con e-child\" data-id=\"84d360c\" data-element_type=\"container\">\n\t\t\t\t<div class=\"elementor-element elementor-element-19fecbe elementor-widget elementor-widget-heading\" data-id=\"19fecbe\" data-element_type=\"widget\" data-widget_type=\"heading.default\">\n\t\t\t\t\t<h5 class=\"elementor-heading-title elementor-size-default\">A PROPOS DE NOUS<\/h5>\t\t\t\t<\/div>\n\t\t\t\t<div class=\"elementor-element elementor-element-bdf8184 elementor-widget-divider--view-line elementor-widget elementor-widget-divider\" data-id=\"bdf8184\" data-element_type=\"widget\" data-widget_type=\"divider.default\">\n\t\t\t\t\t\t\t<div class=\"elementor-divider\">\n\t\t\t<span class=\"elementor-divider-separator\">\n\t\t\t\t\t\t<\/span>\n\t\t<\/div>\n\t\t\t\t\t\t<\/div>\n\t\t\t\t<\/div>\n\t\t<div class=\"elementor-element elementor-element-c3480ba e-grid e-con-full e-con e-child\" data-id=\"c3480ba\" data-element_type=\"container\">\n\t\t\t\t<div class=\"elementor-element elementor-element-5094564 elementor-widget-laptop__width-initial elementor-widget-mobile__width-initial elementor-widget elementor-widget-heading\" data-id=\"5094564\" data-element_type=\"widget\" data-widget_type=\"heading.default\">\n\t\t\t\t\t<h5 class=\"elementor-heading-title elementor-size-default\">ATLANTIC JET FLY Leader dans l\u2019aviation priv\u00e9e de luxe, transforme vos d\u00e9placements en exp\u00e9riences inoubliables, qu\u2019ils soient professionnels ou personnels. Forts d\u2019une expertise exceptionnelle et d\u2019une pr\u00e9sence mondiale, nous sommes votre partenaire de confiance pour la location de jets priv\u00e9s. Que vous ayez besoin d\u2019un vol \u00e0 la demande ou de solutions de voyage sur mesure, notre \u00e9quipe d\u00e9vou\u00e9e s\u2019engage \u00e0 r\u00e9pondre \u00e0 vos attentes les plus \u00e9lev\u00e9es avec un service d\u2019excellence.<\/h5>\t\t\t\t<\/div>\n\t\t\t\t<div class=\"elementor-element elementor-element-e370c33 elementor-widget-laptop__width-initial elementor-widget elementor-widget-image-carousel\" data-id=\"e370c33\" data-element_type=\"widget\" data-settings=\"{&quot;slides_to_show&quot;:&quot;1&quot;,&quot;navigation&quot;:&quot;none&quot;,&quot;autoplay_speed&quot;:2000,&quot;autoplay&quot;:&quot;yes&quot;,&quot;pause_on_hover&quot;:&quot;yes&quot;,&quot;pause_on_interaction&quot;:&quot;yes&quot;,&quot;infinite&quot;:&quot;yes&quot;,&quot;effect&quot;:&quot;slide&quot;,&quot;speed&quot;:500}\" data-widget_type=\"image-carousel.default\">\n\t\t\t\t\t\t\t<div class=\"elementor-image-carousel-wrapper swiper\" role=\"region\" aria-roledescription=\"carousel\" aria-label=\"Carrousel d\u2019images\" dir=\"ltr\">\n\t\t\t<div class=\"elementor-image-carousel swiper-wrapper\" aria-live=\"off\">\n\t\t\t\t\t\t\t\t<div class=\"swiper-slide\" role=\"group\" aria-roledescription=\"slide\" aria-label=\"1 of 4\"><figure class=\"swiper-slide-inner\"><img decoding=\"async\" class=\"swiper-slide-image\" src=\"https:\/\/atlanticjetfly.com\/wp-content\/uploads\/2024\/12\/WhatsApp-Image-2024-12-10-at-16.12.49-2.jpeg\" alt=\"WhatsApp Image 2024-12-10 at 16.12.49 (2)\" \/><\/figure><\/div><div class=\"swiper-slide\" role=\"group\" aria-roledescription=\"slide\" aria-label=\"2 of 4\"><figure class=\"swiper-slide-inner\"><img decoding=\"async\" class=\"swiper-slide-image\" src=\"https:\/\/atlanticjetfly.com\/wp-content\/uploads\/2024\/12\/WhatsApp-Image-2024-12-10-at-16.12.50-2.jpeg\" alt=\"WhatsApp Image 2024-12-10 at 16.12.50 (2)\" \/><\/figure><\/div><div class=\"swiper-slide\" role=\"group\" aria-roledescription=\"slide\" aria-label=\"3 of 4\"><figure class=\"swiper-slide-inner\"><img decoding=\"async\" class=\"swiper-slide-image\" src=\"https:\/\/atlanticjetfly.com\/wp-content\/uploads\/2024\/12\/a4547c848b.jpg\" alt=\"Business,Private,Jet,Taxi,On,The,Runway\" \/><\/figure><\/div><div class=\"swiper-slide\" role=\"group\" aria-roledescription=\"slide\" aria-label=\"4 of 4\"><figure class=\"swiper-slide-inner\"><img decoding=\"async\" class=\"swiper-slide-image\" src=\"https:\/\/atlanticjetfly.com\/wp-content\/uploads\/2024\/12\/WhatsApp-Image-2024-12-10-at-16.12.49.jpeg\" alt=\"WhatsApp Image 2024-12-10 at 16.12.49\" \/><\/figure><\/div>\t\t\t<\/div>\n\t\t\t\t\t\t\t\n\t\t\t\t\t\t\t\t\t<\/div>\n\t\t\t\t\t\t<\/div>\n\t\t\t\t<\/div>\n\t\t\t\t<\/div>\n\t\t\t\t<\/div>\n\t\t<div class=\"elementor-element elementor-element-3036506 e-flex e-con-boxed e-con e-parent\" data-id=\"3036506\" data-element_type=\"container\">\n\t\t\t\t\t<div class=\"e-con-inner\">\n\t\t\t\t<div class=\"elementor-element elementor-element-0e24e03 elementor-widget elementor-widget-menu-anchor\" data-id=\"0e24e03\" data-element_type=\"widget\" data-widget_type=\"menu-anchor.default\">\n\t\t\t\t\t\t\t<div class=\"elementor-menu-anchor\" id=\"APROPOSDENOUS\"><\/div>\n\t\t\t\t\t\t<\/div>\n\t\t\t\t\t<\/div>\n\t\t\t\t<\/div>\n\t\t\t\t<\/div>\n\t\t","protected":false},"excerpt":{"rendered":"<p>Voyagez en Toute Exclusivit\u00e9 R\u00e9server Maintenant A PROPOS DE NOUS ATLANTIC JET FLY Leader dans l\u2019aviation priv\u00e9e de luxe, transforme vos d\u00e9placements en exp\u00e9riences inoubliables, qu\u2019ils soient professionnels ou personnels. Forts d\u2019une expertise exceptionnelle et d\u2019une pr\u00e9sence mondiale, nous sommes votre partenaire de confiance pour la location de jets priv\u00e9s. Que vous ayez besoin d\u2019un [&hellip;]<\/p>\n","protected":false},"author":1,"featured_media":0,"parent":0,"menu_order":0,"comment_status":"closed","ping_status":"closed","template":"elementor_header_footer","meta":{"footnotes":""},"class_list":["post-65","page","type-page","status-publish","hentry"],"blocksy_meta":{"has_hero_section":"disabled","styles_descriptor":{"styles":{"desktop":"","tablet":"","mobile":""},"google_fonts":[],"version":6}},"_links":{"self":[{"href":"https:\/\/atlanticjetfly.com\/index.php\/wp-json\/wp\/v2\/pages\/65","targetHints":{"allow":["GET"]}}],"collection":[{"href":"https:\/\/atlanticjetfly.com\/index.php\/wp-json\/wp\/v2\/pages"}],"about":[{"href":"https:\/\/atlanticjetfly.com\/index.php\/wp-json\/wp\/v2\/types\/page"}],"author":[{"embeddable":true,"href":"https:\/\/atlanticjetfly.com\/index.php\/wp-json\/wp\/v2\/users\/1"}],"replies":[{"embeddable":true,"href":"https:\/\/atlanticjetfly.com\/index.php\/wp-json\/wp\/v2\/comments?post=65"}],"version-history":[{"count":165,"href":"https:\/\/atlanticjetfly.com\/index.php\/wp-json\/wp\/v2\/pages\/65\/revisions"}],"predecessor-version":[{"id":1178,"href":"https:\/\/atlanticjetfly.com\/index.php\/wp-json\/wp\/v2\/pages\/65\/revisions\/1178"}],"wp:attachment":[{"href":"https:\/\/atlanticjetfly.com\/index.php\/wp-json\/wp\/v2\/media?parent=65"}],"curies":[{"name":"wp","href":"https:\/\/api.w.org\/{rel}","templated":true}]}}