{"id":237,"date":"2024-12-12T09:37:05","date_gmt":"2024-12-12T08:37:05","guid":{"rendered":"http:\/\/atlanticjetfly.com\/?page_id=237"},"modified":"2025-01-16T10:35:14","modified_gmt":"2025-01-16T09:35:14","slug":"vol-a-vide","status":"publish","type":"page","link":"https:\/\/atlanticjetfly.com\/index.php\/vol-a-vide\/","title":{"rendered":"VOL A VIDE"},"content":{"rendered":"\t\t<div data-elementor-type=\"wp-page\" data-elementor-id=\"237\" class=\"elementor elementor-237\">\n\t\t\t\t<div class=\"elementor-element elementor-element-6a7e0c1 e-flex e-con-boxed e-con e-parent\" data-id=\"6a7e0c1\" data-element_type=\"container\" data-settings=\"{&quot;background_background&quot;:&quot;slideshow&quot;,&quot;background_slideshow_gallery&quot;:[{&quot;id&quot;:742,&quot;url&quot;:&quot;http:\\\/\\\/atlanticjetfly.com\\\/wp-content\\\/uploads\\\/2024\\\/12\\\/jey.avif&quot;}],&quot;background_slideshow_loop&quot;:&quot;yes&quot;,&quot;background_slideshow_slide_duration&quot;:5000,&quot;background_slideshow_slide_transition&quot;:&quot;fade&quot;,&quot;background_slideshow_transition_duration&quot;:500}\">\n\t\t\t\t\t<div class=\"e-con-inner\">\n\t\t<div class=\"elementor-element elementor-element-d944e00 e-con-full e-flex e-con e-child\" data-id=\"d944e00\" data-element_type=\"container\" data-settings=\"{&quot;background_background&quot;:&quot;gradient&quot;}\">\n\t\t<div class=\"elementor-element elementor-element-4acb5ab e-grid e-con-full e-con e-child\" data-id=\"4acb5ab\" data-element_type=\"container\">\n\t\t\t\t<div class=\"elementor-element elementor-element-5e421df elementor-widget elementor-widget-heading\" data-id=\"5e421df\" data-element_type=\"widget\" data-widget_type=\"heading.default\">\n\t\t\t\t\t<h2 class=\"elementor-heading-title elementor-size-default\">Vol \u00e0 Vide<\/h2>\t\t\t\t<\/div>\n\t\t\t\t<div class=\"elementor-element elementor-element-8e03b53 elementor-widget elementor-widget-heading\" data-id=\"8e03b53\" data-element_type=\"widget\" data-widget_type=\"heading.default\">\n\t\t\t\t\t<h2 class=\"elementor-heading-title elementor-size-default\">Un vol \u00e0 vide se produit lorsqu'un avion doit se d\u00e9placer sans passagers pour atteindre une autre destination. Une opportunit\u00e9 unique de b\u00e9n\u00e9ficier de tarifs r\u00e9duits tout en profitant d'un service a\u00e9rien de haute qualit\u00e9.<\/h2>\t\t\t\t<\/div>\n\t\t\t\t<\/div>\n\t\t\t\t<\/div>\n\t\t\t\t\t<\/div>\n\t\t\t\t<\/div>\n\t\t<div class=\"elementor-element elementor-element-1448c0a e-flex e-con-boxed e-con e-parent\" data-id=\"1448c0a\" data-element_type=\"container\">\n\t\t\t\t\t<div class=\"e-con-inner\">\n\t\t\t\t<div class=\"elementor-element elementor-element-16237f6 elementor-widget elementor-widget-heading\" data-id=\"16237f6\" data-element_type=\"widget\" data-widget_type=\"heading.default\">\n\t\t\t\t\t<h2 class=\"elementor-heading-title elementor-size-default\">D\u00e9couvrez nos avantages\n\n<\/h2>\t\t\t\t<\/div>\n\t\t\t\t\t<\/div>\n\t\t\t\t<\/div>\n\t\t<div class=\"elementor-element elementor-element-2409e79 e-flex e-con-boxed e-con e-parent\" data-id=\"2409e79\" data-element_type=\"container\">\n\t\t\t\t\t<div class=\"e-con-inner\">\n\t\t<div class=\"elementor-element elementor-element-d88eac2 e-con-full e-flex e-con e-child\" data-id=\"d88eac2\" data-element_type=\"container\">\n\t\t<div class=\"elementor-element elementor-element-a263e65 e-grid e-con-full e-con e-child\" data-id=\"a263e65\" data-element_type=\"container\" data-settings=\"{&quot;background_background&quot;:&quot;classic&quot;}\">\n\t\t<div class=\"elementor-element elementor-element-682d519 e-grid e-con-full e-con e-child\" data-id=\"682d519\" data-element_type=\"container\" data-settings=\"{&quot;background_background&quot;:&quot;classic&quot;}\">\n\t\t<div class=\"elementor-element elementor-element-a7db442 e-grid e-con-full e-con e-child\" data-id=\"a7db442\" data-element_type=\"container\">\n\t\t\t\t<div class=\"elementor-element elementor-element-23e44a5 elementor-view-default elementor-widget elementor-widget-icon\" data-id=\"23e44a5\" data-element_type=\"widget\" data-widget_type=\"icon.default\">\n\t\t\t\t\t\t\t<div class=\"elementor-icon-wrapper\">\n\t\t\t<div class=\"elementor-icon\">\n\t\t\t<svg xmlns=\"http:\/\/www.w3.org\/2000\/svg\" fill=\"#4f7396\" width=\"171px\" height=\"171px\" viewBox=\"-7.2 -7.2 38.40 38.40\" id=\"Outline\" stroke=\"#4f7396\" stroke-width=\"0.00024000000000000003\" transform=\"matrix(-1, 0, 0, 1, 0, 0)\"><g id=\"SVGRepo_bgCarrier\" stroke-width=\"0\"><rect x=\"-7.2\" y=\"-7.2\" width=\"38.40\" height=\"38.40\" rx=\"19.2\" fill=\"#c0d1e3\"><\/rect><\/g><g id=\"SVGRepo_tracerCarrier\" stroke-linecap=\"round\" stroke-linejoin=\"round\"><\/g><g id=\"SVGRepo_iconCarrier\"><title>194 restore<\/title><path d=\"M12,6a1,1,0,0,0-1,1v5a1,1,0,0,0,.293.707l3,3a1,1,0,0,0,1.414-1.414L13,11.586V7A1,1,0,0,0,12,6Z M23.812,10.132A12,12,0,0,0,3.578,3.415V1a1,1,0,0,0-2,0V5a2,2,0,0,0,2,2h4a1,1,0,0,0,0-2H4.827a9.99,9.99,0,1,1-2.835,7.878A.982.982,0,0,0,1,12a1.007,1.007,0,0,0-1,1.1,12,12,0,1,0,23.808-2.969Z\"><\/path><\/g><\/svg>\t\t\t<\/div>\n\t\t<\/div>\n\t\t\t\t\t\t<\/div>\n\t\t\t\t<div class=\"elementor-element elementor-element-9bfc717 elementor-widget elementor-widget-heading\" data-id=\"9bfc717\" data-element_type=\"widget\" data-widget_type=\"heading.default\">\n\t\t\t\t\t<h2 class=\"elementor-heading-title elementor-size-default\">Disponibilit\u00e9 <br>Flexible<\/h2>\t\t\t\t<\/div>\n\t\t\t\t<\/div>\n\t\t\t\t<div class=\"elementor-element elementor-element-3f90a72 elementor-widget elementor-widget-heading\" data-id=\"3f90a72\" data-element_type=\"widget\" data-widget_type=\"heading.default\">\n\t\t\t\t\t<h2 class=\"elementor-heading-title elementor-size-default\">Nos vols \u00e0 vide sont disponibles selon nos op\u00e9rations. Nous mettons r\u00e9guli\u00e8rement \u00e0 jour les destinations et horaires pour maximiser votre flexibilit\u00e9.<\/h2>\t\t\t\t<\/div>\n\t\t\t\t<\/div>\n\t\t<div class=\"elementor-element elementor-element-508ea32 e-grid e-con-full e-con e-child\" data-id=\"508ea32\" data-element_type=\"container\" data-settings=\"{&quot;background_background&quot;:&quot;classic&quot;}\">\n\t\t<div class=\"elementor-element elementor-element-9b031a0 e-grid e-con-full e-con e-child\" data-id=\"9b031a0\" data-element_type=\"container\">\n\t\t\t\t<div class=\"elementor-element elementor-element-51df5d3 elementor-view-default elementor-widget elementor-widget-icon\" data-id=\"51df5d3\" data-element_type=\"widget\" data-widget_type=\"icon.default\">\n\t\t\t\t\t\t\t<div class=\"elementor-icon-wrapper\">\n\t\t\t<div class=\"elementor-icon\">\n\t\t\t<svg xmlns=\"http:\/\/www.w3.org\/2000\/svg\" xmlns:xlink=\"http:\/\/www.w3.org\/1999\/xlink\" fill=\"#4f7396\" height=\"171px\" width=\"171px\" id=\"Layer_1\" viewBox=\"-148.8 -148.8 777.61 777.61\" xml:space=\"preserve\" stroke=\"#4f7396\" stroke-width=\"6.2401040000000005\"><g id=\"SVGRepo_bgCarrier\" stroke-width=\"0\" transform=\"translate(14.400240000000025,14.400240000000025), scale(0.94)\"><rect x=\"-148.8\" y=\"-148.8\" width=\"777.61\" height=\"777.61\" rx=\"388.805\" fill=\"#c0d1e3\"><\/rect><\/g><g id=\"SVGRepo_tracerCarrier\" stroke-linecap=\"round\" stroke-linejoin=\"round\" stroke=\"#CCCCCC\" stroke-width=\"7.680128000000001\"><\/g><g id=\"SVGRepo_iconCarrier\"> <g> <g> <path d=\"M319.64,114.26c0.136-0.584,0.36-1.632,0.36-2.256v-48c0-4.424-3.576-8-8-8s-8,3.576-8,8V99.98 c-17.64-12.736-39.216-19.976-62.56-19.976c-0.232,0-0.472,0-0.696,0c-17.592,0-34.128,4.2-48.744,11.832V56.004 c0-4.424-3.584-8-8-8s-8,3.576-8,8v46.128c-25.536,19.768-41.992,51.672-41.768,86.384 c0.376,58.872,48.392,107.488,107.184,107.488c0.232,0,0.472,0,0.696,0c59.112,0,106.896-49.76,106.512-108.872 C348.448,159.132,337.408,133.26,319.64,114.26z M242.008,280.004c-0.2,0-0.392,0-0.592,0c-50.016,0-90.864-41.328-91.184-91.416 c-0.328-50.28,40.328-92.584,90.608-92.584c0.2,0,0.392,0,0.592,0c50.016,0,90.864,41.328,91.184,91.416 C332.944,237.7,292.296,280.004,242.008,280.004z\"><\/path> <\/g> <\/g> <g> <g> <path d=\"M184,0.004c-4.416,0-8,3.576-8,8v16c0,4.424,3.584,8,8,8s8-3.576,8-8v-16C192,3.58,188.416,0.004,184,0.004z\"><\/path> <\/g> <\/g> <g> <g> <path d=\"M312,8.004c-4.424,0-8,3.576-8,8v16c0,4.424,3.576,8,8,8s8-3.576,8-8v-16C320,11.58,316.424,8.004,312,8.004z\"><\/path> <\/g> <\/g> <g> <g> <path d=\"M96,184.004c-4.416,0-8,3.576-8,8v64c0,4.424,3.584,8,8,8s8-3.576,8-8v-64C104,187.58,100.416,184.004,96,184.004z\"><\/path> <\/g> <\/g> <g> <g> <path d=\"M96,136.004c-4.416,0-8,3.576-8,8v16c0,4.424,3.584,8,8,8s8-3.576,8-8v-16C104,139.58,100.416,136.004,96,136.004z\"><\/path> <\/g> <\/g> <g> <g> <path d=\"M400,112.004c-4.424,0-8,3.576-8,8v64c0,4.424,3.576,8,8,8s8-3.576,8-8v-64C408,115.58,404.424,112.004,400,112.004z\"><\/path> <\/g> <\/g> <g> <g> <path d=\"M400,64.004c-4.424,0-8,3.576-8,8v16c0,4.424,3.576,8,8,8s8-3.576,8-8v-16C408,67.58,404.424,64.004,400,64.004z\"><\/path> <\/g> <\/g> <g> <g> <path d=\"M271.896,207.644l-0.056-7.992c-0.04-6.416-2.568-12.424-7.136-16.928c-4.568-4.496-10.856-7.088-17.016-6.872l-16,0.152 c-0.016,0-0.032,0-0.048,0c-4.384,0-7.976-3.608-8-8l-0.048-8.016c-0.024-4.416,3.536-8.04,7.952-8.064l7.808-0.056 c0.256,0.016,0.48,0.136,0.752,0.136c0.016,0,0.032,0,0.048,0c0.272,0,0.504-0.136,0.768-0.16l22.608-0.144 c4.424-0.032,7.984-3.48,7.952-7.896c-0.032-4.408-3.6-7.8-8-7.8c-0.016,0-0.032,0-0.048,0l-15.384-0.056l-0.048-7.92 c-0.024-4.4-3.608-8.024-8-8.024c-0.016,0-0.032,0-0.048,0c-4.416,0.032-7.976,3.688-7.952,8.104l0.048,7.896h-0.608 c-13.232,0-23.928,10.864-23.848,24.104l0.048,8.024c0.088,13.184,10.84,23.872,24.008,23.872c0.048,0,0.104,0,0.152,0h16 c0.016,0,0.032,0,0.048,0c2.112,0,4.104,0.72,5.624,2.2c1.512,1.504,2.36,3.456,2.376,5.6l0.056,7.968 c0.032,4.416-3.536,8.016-7.952,8.04l-32,0.2c-4.416,0.032-7.976,3.632-7.952,8.048c0.024,4.4,3.608,7.944,8,7.944 c0.016,0,0.032,0,0.048,0l16-0.104l0.048,8.16c0.024,4.4,3.608,7.944,8,7.944c0.016,0,0.032,0,0.048,0 c4.416-0.032,7.984-3.632,7.952-8.056l-0.048-8.152C261.28,231.708,271.976,220.884,271.896,207.644z\"><\/path> <\/g> <\/g> <g> <g> <circle cx=\"184\" cy=\"192.004\" r=\"8\"><\/circle> <\/g> <\/g> <g> <g> <circle cx=\"296\" cy=\"192.004\" r=\"8\"><\/circle> <\/g> <\/g> <g> <g> <path d=\"M472,312.004h-88c-10.416,0-19.216,6.712-22.528,16h-40.048c-4.328,0-7.808,3.448-7.952,7.744l-66.744-15.144 c-4.816-1.088-9.816-0.712-14.416,1.12l-62.64,24.848c-8.088,3.208-14.016,9.72-16.456,17.592l-122.328-35.88 c-7.456-2.168-15.28-0.784-21.456,3.84C3.44,336.62,0,343.436,0,350.836v17.352c0,7.936,4.032,15.28,10.776,19.64l88.872,57.512 c0.784,0.504,1.656,0.872,2.568,1.08l132.32,30.216c1.792,0.416,3.632,0.616,5.464,0.616c1.84,0,3.672-0.2,5.464-0.616 l69.64-15.976c1.448,1.976,3.68,3.344,6.328,3.344h40.048c3.312,9.288,12.112,16,22.528,16h88c4.424,0,8-3.576,8-8v-152 C480,315.58,476.424,312.004,472,312.004z M311.496,445.076l-69.616,15.968c-1.224,0.288-2.528,0.288-3.768,0L107.16,431.14 l-87.696-56.752C17.296,372.98,16,370.668,16,368.18v-17.352c0-3.168,1.888-5.048,3.016-5.888c2.112-1.576,4.784-2.072,7.36-1.296 l127.016,37.304c3.728,11.024,14.392,19.056,26.928,19.056H240c4.416,0,8-3.576,8-8s-3.584-8-8-8h-59.68 c-6.792,0-12.32-5.256-12.32-11.68c0-4.752,2.976-9.016,7.584-10.848l62.64-24.864c1.584-0.632,3.312-0.768,4.976-0.392 l68.768,15.6L311.496,445.076z M360,448.004h-32v-104h32V448.004z M464,464.004h-80c-4.416,0-8-3.584-8-8v-120 c0-4.416,3.584-8,8-8h80V464.004z\"><\/path> <\/g> <\/g> <g> <g> <path d=\"M433.432,432.004h-24c-4.424,0-8,3.576-8,8s3.576,8,8,8h24c4.424,0,8-3.576,8-8S437.856,432.004,433.432,432.004z\"><\/path> <\/g> <\/g> <\/g><\/svg>\t\t\t<\/div>\n\t\t<\/div>\n\t\t\t\t\t\t<\/div>\n\t\t\t\t<div class=\"elementor-element elementor-element-9aace8a elementor-widget elementor-widget-heading\" data-id=\"9aace8a\" data-element_type=\"widget\" data-widget_type=\"heading.default\">\n\t\t\t\t\t<h2 class=\"elementor-heading-title elementor-size-default\">Tarifs <br>Comp\u00e9titifs<\/h2>\t\t\t\t<\/div>\n\t\t\t\t<\/div>\n\t\t\t\t<div class=\"elementor-element elementor-element-a88a84c elementor-widget elementor-widget-heading\" data-id=\"a88a84c\" data-element_type=\"widget\" data-widget_type=\"heading.default\">\n\t\t\t\t\t<h2 class=\"elementor-heading-title elementor-size-default\">B\u00e9n\u00e9ficiez de tarifs r\u00e9duits par rapport aux vols r\u00e9guliers. Une option \u00e9conomique pour les voyageurs flexibles.<\/h2>\t\t\t\t<\/div>\n\t\t\t\t<\/div>\n\t\t<div class=\"elementor-element elementor-element-63f1918 e-grid e-con-full e-con e-child\" data-id=\"63f1918\" data-element_type=\"container\" data-settings=\"{&quot;background_background&quot;:&quot;classic&quot;}\">\n\t\t<div class=\"elementor-element elementor-element-bd5ed4f e-grid e-con-full e-con e-child\" data-id=\"bd5ed4f\" data-element_type=\"container\">\n\t\t\t\t<div class=\"elementor-element elementor-element-a4434a8 elementor-view-default elementor-widget elementor-widget-icon\" data-id=\"a4434a8\" data-element_type=\"widget\" data-widget_type=\"icon.default\">\n\t\t\t\t\t\t\t<div class=\"elementor-icon-wrapper\">\n\t\t\t<div class=\"elementor-icon\">\n\t\t\t<svg xmlns=\"http:\/\/www.w3.org\/2000\/svg\" width=\"800px\" height=\"800px\" viewBox=\"-8.16 -8.16 40.32 40.32\" fill=\"#4f7396\"><g id=\"SVGRepo_bgCarrier\" stroke-width=\"0\"><rect x=\"-8.16\" y=\"-8.16\" width=\"40.32\" height=\"40.32\" rx=\"20.16\" fill=\"#c0d1e3\"><\/rect><\/g><g id=\"SVGRepo_tracerCarrier\" stroke-linecap=\"round\" stroke-linejoin=\"round\" stroke=\"#CCCCCC\" stroke-width=\"0.24000000000000005\"><\/g><g id=\"SVGRepo_iconCarrier\"><defs><style>.cls-1{fill:none;stroke:#4f7396;stroke-linecap:round;stroke-linejoin:round;stroke-width:1.656;fill-rule:evenodd;}<\/style><\/defs><g id=\"ic-security-shield\"><path class=\"cls-1\" d=\"M22,8.44c0-1.4-.16-2.64-.21-3.11a1.15,1.15,0,0,0-1.3-1c-.3,0-.95.12-1.68.15a7.35,7.35,0,0,1-2-.16,7.46,7.46,0,0,1-2.19-1.19A14.91,14.91,0,0,1,13,1.81a1.15,1.15,0,0,0-1.57,0A18.08,18.08,0,0,1,9.89,3.1a7.77,7.77,0,0,1-2.2,1.22,8,8,0,0,1-2.28.18,17.22,17.22,0,0,1-1.87-.18,1.14,1.14,0,0,0-1.3,1C2.19,5.8,2.06,7.05,2,8.44a16.94,16.94,0,0,0,.26,4.15,13,13,0,0,0,3.85,5.85,32.09,32.09,0,0,0,4.62,3.62,2.65,2.65,0,0,0,3,0,31.88,31.88,0,0,0,4.36-3.67,13.3,13.3,0,0,0,3.63-5.76A17.34,17.34,0,0,0,22,8.44Z\"><\/path><\/g><\/g><\/svg>\t\t\t<\/div>\n\t\t<\/div>\n\t\t\t\t\t\t<\/div>\n\t\t\t\t<div class=\"elementor-element elementor-element-0664139 elementor-widget elementor-widget-heading\" data-id=\"0664139\" data-element_type=\"widget\" data-widget_type=\"heading.default\">\n\t\t\t\t\t<h2 class=\"elementor-heading-title elementor-size-default\">Confort <br>&amp; S\u00e9curit\u00e9<\/h2>\t\t\t\t<\/div>\n\t\t\t\t<\/div>\n\t\t\t\t<div class=\"elementor-element elementor-element-04ac1ae elementor-widget elementor-widget-heading\" data-id=\"04ac1ae\" data-element_type=\"widget\" data-widget_type=\"heading.default\">\n\t\t\t\t\t<h2 class=\"elementor-heading-title elementor-size-default\">Nous nous engageons \u00e0 offrir un service de haute qualit\u00e9, m\u00eame sur nos vols \u00e0 vide. Vous b\u00e9n\u00e9ficiez du m\u00eame confort, de la m\u00eame s\u00e9curit\u00e9 et de la m\u00eame attention que sur nos vols r\u00e9guliers.<\/h2>\t\t\t\t<\/div>\n\t\t\t\t<\/div>\n\t\t<div class=\"elementor-element elementor-element-bcd880a e-grid e-con-full e-con e-child\" data-id=\"bcd880a\" data-element_type=\"container\" data-settings=\"{&quot;background_background&quot;:&quot;classic&quot;}\">\n\t\t<div class=\"elementor-element elementor-element-a6fdf88 e-grid e-con-full e-con e-child\" data-id=\"a6fdf88\" data-element_type=\"container\">\n\t\t\t\t<div class=\"elementor-element elementor-element-1863ec0 elementor-view-default elementor-widget elementor-widget-icon\" data-id=\"1863ec0\" data-element_type=\"widget\" data-widget_type=\"icon.default\">\n\t\t\t\t\t\t\t<div class=\"elementor-icon-wrapper\">\n\t\t\t<div class=\"elementor-icon\">\n\t\t\t<svg xmlns=\"http:\/\/www.w3.org\/2000\/svg\" fill=\"#4f7396\" width=\"800px\" height=\"800px\" viewBox=\"-76.8 -76.8 409.60 409.60\" id=\"Flat\" stroke=\"#4f7396\" stroke-width=\"5.12\"><g id=\"SVGRepo_bgCarrier\" stroke-width=\"0\"><rect x=\"-76.8\" y=\"-76.8\" width=\"409.60\" height=\"409.60\" rx=\"204.8\" fill=\"#c0d1e3\"><\/rect><\/g><g id=\"SVGRepo_tracerCarrier\" stroke-linecap=\"round\" stroke-linejoin=\"round\"><\/g><g id=\"SVGRepo_iconCarrier\"><path d=\"M211.68628,44.20117a28.02993,28.02993,0,0,0-39.59766,0,3.99779,3.99779,0,0,0-.62891.81445L142.78589,75.34277,57.25464,44.24121a3.99914,3.99914,0,0,0-4.19581.93066l-24,24a3.99981,3.99981,0,0,0,.60987,6.15625l67.94043,45.29395L78.23071,140H55.88745a4.00164,4.00164,0,0,0-2.82862,1.17187l-24,24a4.00013,4.00013,0,0,0,1.54639,6.61719l39.936,13.51172,13.5581,39.9834a3.99974,3.99974,0,0,0,6.6167,1.54394l24-24A4,4,0,0,0,115.88745,200V177.77051l19.48144-17.69922,45.21582,66.18555a4.00062,4.00062,0,0,0,6.13135.57128l24-24a4.00075,4.00075,0,0,0,.93067-4.19531L180.5476,113.11133l31.7295-29.793a3.98575,3.98575,0,0,0,.75048-.957A28.03809,28.03809,0,0,0,211.68628,44.20117Zm-5.65674,33.94141a3.96731,3.96731,0,0,0-.34375.39062L173.14917,109.084a4.00086,4.00086,0,0,0-1.021,4.28321l31.1294,85.60547-18.78809,18.78808-45.08691-65.99707a3.99992,3.99992,0,0,0-2.83594-1.71582,3.9595,3.9595,0,0,0-.46729-.02734,4.00181,4.00181,0,0,0-2.68945,1.03906l-24.19238,21.97949A4.00232,4.00232,0,0,0,107.88745,176v22.34277L89.60913,216.62109l-12.126-35.75976a4.00019,4.00019,0,0,0-2.50586-2.50488l-35.708-12.082L57.54419,148H79.88745a4.00165,4.00165,0,0,0,2.82861-1.17188l24-24a3.9998,3.9998,0,0,0-.60986-6.15625L38.16577,71.37793l18.749-18.74805,85.60547,31.12891a3.99517,3.99517,0,0,0,4.27344-1.01074L178.50464,49.209c.0913-.09668.17724-.19726.25732-.30078a20.00067,20.00067,0,0,1,27.26758,29.23438Z\"><\/path><\/g><\/svg>\t\t\t<\/div>\n\t\t<\/div>\n\t\t\t\t\t\t<\/div>\n\t\t\t\t<div class=\"elementor-element elementor-element-0aadd68 elementor-widget elementor-widget-heading\" data-id=\"0aadd68\" data-element_type=\"widget\" data-widget_type=\"heading.default\">\n\t\t\t\t\t<h2 class=\"elementor-heading-title elementor-size-default\">Destinations <br>Exclusives<\/h2>\t\t\t\t<\/div>\n\t\t\t\t<\/div>\n\t\t\t\t<div class=\"elementor-element elementor-element-0b82cbe elementor-widget elementor-widget-heading\" data-id=\"0b82cbe\" data-element_type=\"widget\" data-widget_type=\"heading.default\">\n\t\t\t\t\t<h2 class=\"elementor-heading-title elementor-size-default\">Acc\u00e9dez \u00e0 des destinations uniques et des a\u00e9roports priv\u00e9s, normalement difficiles d'acc\u00e8s en vol commercial.<\/h2>\t\t\t\t<\/div>\n\t\t\t\t<\/div>\n\t\t\t\t<\/div>\n\t\t\t\t<\/div>\n\t\t\t\t\t<\/div>\n\t\t\t\t<\/div>\n\t\t<div class=\"elementor-element elementor-element-4423923 e-grid e-con-boxed e-con e-parent\" data-id=\"4423923\" data-element_type=\"container\">\n\t\t\t\t\t<div class=\"e-con-inner\">\n\t\t\t\t<div class=\"elementor-element elementor-element-a84a2b1 elementor-widget elementor-widget-heading\" data-id=\"a84a2b1\" data-element_type=\"widget\" data-widget_type=\"heading.default\">\n\t\t\t\t\t<h2 class=\"elementor-heading-title elementor-size-default\">R\u00e9server un vol \u00e0 vide<\/h2>\t\t\t\t<\/div>\n\t\t\t\t<div class=\"elementor-element elementor-element-8f2c5d0 elementor-widget elementor-widget-heading\" data-id=\"8f2c5d0\" data-element_type=\"widget\" data-widget_type=\"heading.default\">\n\t\t\t\t\t<h2 class=\"elementor-heading-title elementor-size-default\">Consultez nos vols \u00e0 vide pour d\u00e9couvrir les offres disponibles :<\/h2>\t\t\t\t<\/div>\n\t\t\t\t\t<\/div>\n\t\t\t\t<\/div>\n\t\t<div class=\"elementor-element elementor-element-25c67f7 e-con-full e-flex e-con e-parent\" data-id=\"25c67f7\" data-element_type=\"container\">\n\t\t\t\t<div class=\"elementor-element elementor-element-b3db2de elementor-widget-mobile__width-initial elementor-widget elementor-widget-shortcode\" data-id=\"b3db2de\" data-element_type=\"widget\" data-widget_type=\"shortcode.default\">\n\t\t\t\t\t\t\t<div class=\"elementor-shortcode\">\n<table id=\"tablepress-1\" class=\"tablepress tablepress-id-1\">\n<thead>\n<tr class=\"row-1\">\n\t<th class=\"column-1\">Date<\/th><th class=\"column-2\">Avion<\/th><th class=\"column-3\">D\u00e9part<\/th><th class=\"column-4\">Destination<\/th><th class=\"column-5\">Nombre PAX<\/th>\n<\/tr>\n<\/thead>\n<tbody class=\"row-striping row-hover\">\n<tr class=\"row-2\">\n\t<td class=\"column-1\"><\/td><td class=\"column-2\"><\/td><td class=\"column-3\"><\/td><td class=\"column-4\"><\/td><td class=\"column-5\"><\/td>\n<\/tr>\n<\/tbody>\n<\/table>\n<!-- #tablepress-1 from cache --><\/div>\n\t\t\t\t\t\t<\/div>\n\t\t\t\t<\/div>\n\t\t\t\t<\/div>\n\t\t","protected":false},"excerpt":{"rendered":"<p>Vol \u00e0 Vide Un vol \u00e0 vide se produit lorsqu&#8217;un avion doit se d\u00e9placer sans passagers pour atteindre une autre destination. Une opportunit\u00e9 unique de b\u00e9n\u00e9ficier de tarifs r\u00e9duits tout en profitant d&#8217;un service a\u00e9rien de haute qualit\u00e9. D\u00e9couvrez nos avantages 194 restore Disponibilit\u00e9 Flexible Nos vols \u00e0 vide sont disponibles selon nos op\u00e9rations. Nous [&hellip;]<\/p>\n","protected":false},"author":1,"featured_media":0,"parent":0,"menu_order":0,"comment_status":"closed","ping_status":"closed","template":"","meta":{"footnotes":""},"class_list":["post-237","page","type-page","status-publish","hentry"],"blocksy_meta":{"has_hero_section":"disabled","styles_descriptor":{"styles":{"desktop":"","tablet":"","mobile":""},"google_fonts":[],"version":6}},"_links":{"self":[{"href":"https:\/\/atlanticjetfly.com\/index.php\/wp-json\/wp\/v2\/pages\/237","targetHints":{"allow":["GET"]}}],"collection":[{"href":"https:\/\/atlanticjetfly.com\/index.php\/wp-json\/wp\/v2\/pages"}],"about":[{"href":"https:\/\/atlanticjetfly.com\/index.php\/wp-json\/wp\/v2\/types\/page"}],"author":[{"embeddable":true,"href":"https:\/\/atlanticjetfly.com\/index.php\/wp-json\/wp\/v2\/users\/1"}],"replies":[{"embeddable":true,"href":"https:\/\/atlanticjetfly.com\/index.php\/wp-json\/wp\/v2\/comments?post=237"}],"version-history":[{"count":118,"href":"https:\/\/atlanticjetfly.com\/index.php\/wp-json\/wp\/v2\/pages\/237\/revisions"}],"predecessor-version":[{"id":1293,"href":"https:\/\/atlanticjetfly.com\/index.php\/wp-json\/wp\/v2\/pages\/237\/revisions\/1293"}],"wp:attachment":[{"href":"https:\/\/atlanticjetfly.com\/index.php\/wp-json\/wp\/v2\/media?parent=237"}],"curies":[{"name":"wp","href":"https:\/\/api.w.org\/{rel}","templated":true}]}}