{"id":235,"date":"2024-12-12T09:35:05","date_gmt":"2024-12-12T08:35:05","guid":{"rendered":"http:\/\/atlanticjetfly.com\/?page_id=235"},"modified":"2025-01-16T09:45:41","modified_gmt":"2025-01-16T08:45:41","slug":"evacuation-sanitaire","status":"publish","type":"page","link":"https:\/\/atlanticjetfly.com\/index.php\/evacuation-sanitaire\/","title":{"rendered":"EVACUATION SANITAIRE"},"content":{"rendered":"\t\t<div data-elementor-type=\"wp-page\" data-elementor-id=\"235\" class=\"elementor elementor-235\">\n\t\t\t\t<div class=\"elementor-element elementor-element-f4e6df8 e-con-full e-flex e-con e-parent\" data-id=\"f4e6df8\" data-element_type=\"container\" data-settings=\"{&quot;background_slideshow_gallery&quot;:[{&quot;id&quot;:543,&quot;url&quot;:&quot;http:\\\/\\\/atlanticjetfly.com\\\/wp-content\\\/uploads\\\/2024\\\/12\\\/pixelcut-export.jpeg&quot;}],&quot;background_background&quot;:&quot;slideshow&quot;,&quot;background_slideshow_loop&quot;:&quot;yes&quot;,&quot;background_slideshow_slide_duration&quot;:5000,&quot;background_slideshow_slide_transition&quot;:&quot;fade&quot;,&quot;background_slideshow_transition_duration&quot;:500}\">\n\t\t<div class=\"elementor-element elementor-element-f819a63 e-con-full e-flex e-con e-child\" data-id=\"f819a63\" data-element_type=\"container\" data-settings=\"{&quot;background_background&quot;:&quot;gradient&quot;}\">\n\t\t<div class=\"elementor-element elementor-element-be3a38d e-con-full e-flex e-con e-child\" data-id=\"be3a38d\" data-element_type=\"container\">\n\t\t\t\t<div class=\"elementor-element elementor-element-804f2be elementor-widget elementor-widget-heading\" data-id=\"804f2be\" data-element_type=\"widget\" data-widget_type=\"heading.default\">\n\t\t\t\t\t<h2 class=\"elementor-heading-title elementor-size-default\">\u00c9vacuation Sanitaire\n<\/h2>\t\t\t\t<\/div>\n\t\t\t\t<\/div>\n\t\t<div class=\"elementor-element elementor-element-b44ebce e-con-full e-flex e-con e-child\" data-id=\"b44ebce\" data-element_type=\"container\">\n\t\t\t\t<div class=\"elementor-element elementor-element-56a9c7c elementor-widget elementor-widget-heading\" data-id=\"56a9c7c\" data-element_type=\"widget\" data-widget_type=\"heading.default\">\n\t\t\t\t\t<h4 class=\"elementor-heading-title elementor-size-default\">Service d'\u00e9vacuation m\u00e9dicale disponible 24\/7 avec \u00e9quipement de pointe et \u00e9quipe m\u00e9dicale exp\u00e9riment\u00e9e\n\n<\/h4>\t\t\t\t<\/div>\n\t\t\t\t<\/div>\n\t\t\t\t<\/div>\n\t\t\t\t<\/div>\n\t\t<div class=\"elementor-element elementor-element-2a9e39a e-flex e-con-boxed e-con e-parent\" data-id=\"2a9e39a\" data-element_type=\"container\">\n\t\t\t\t\t<div class=\"e-con-inner\">\n\t\t<div class=\"elementor-element elementor-element-203c7d0 e-grid e-con-full e-con e-child\" data-id=\"203c7d0\" data-element_type=\"container\">\n\t\t<div class=\"elementor-element elementor-element-e78db54 e-con-full e-flex e-con e-child\" data-id=\"e78db54\" data-element_type=\"container\" data-settings=\"{&quot;background_background&quot;:&quot;classic&quot;}\">\n\t\t<div class=\"elementor-element elementor-element-cee825f e-con-full e-flex e-con e-child\" data-id=\"cee825f\" data-element_type=\"container\">\n\t\t<div class=\"elementor-element elementor-element-48a3373 e-con-full e-flex e-con e-child\" data-id=\"48a3373\" data-element_type=\"container\">\n\t\t\t\t<div class=\"elementor-element elementor-element-bd23a10 elementor-widget-mobile__width-initial elementor-widget elementor-widget-image\" data-id=\"bd23a10\" data-element_type=\"widget\" data-widget_type=\"image.default\">\n\t\t\t\t\t\t\t\t\t\t\t\t\t\t\t<img decoding=\"async\" src=\"https:\/\/atlanticjetfly.com\/wp-content\/uploads\/2024\/12\/plan-durgence-2.png\" title=\"plan-durgence (2)\" alt=\"plan-durgence (2)\" loading=\"lazy\" \/>\t\t\t\t\t\t\t\t\t\t\t\t\t\t\t<\/div>\n\t\t\t\t<\/div>\n\t\t\t\t<div class=\"elementor-element elementor-element-5c9d645 elementor-widget-laptop__width-initial elementor-widget elementor-widget-heading\" data-id=\"5c9d645\" data-element_type=\"widget\" data-widget_type=\"heading.default\">\n\t\t\t\t\t<h3 class=\"elementor-heading-title elementor-size-default\">\u00c9vacuation d'Urgence\n<\/h3>\t\t\t\t<\/div>\n\t\t\t\t<div class=\"elementor-element elementor-element-e5a928e elementor-widget-laptop__width-initial elementor-widget elementor-widget-heading\" data-id=\"e5a928e\" data-element_type=\"widget\" data-widget_type=\"heading.default\">\n\t\t\t\t\t<p class=\"elementor-heading-title elementor-size-default\">\u2022\nDisponibilit\u00e9 24\/7\n<br>\n\u2022\nIntervention rapide\n<br>\n\u2022\n\u00c9quipement m\u00e9dical avanc\u00e9\n<br>\n\u2022\n\u00c9quipe m\u00e9dicale qualifi\u00e9e<\/p>\t\t\t\t<\/div>\n\t\t\t\t<\/div>\n\t\t\t\t<\/div>\n\t\t<div class=\"elementor-element elementor-element-0ac223b e-con-full e-flex e-con e-child\" data-id=\"0ac223b\" data-element_type=\"container\" data-settings=\"{&quot;background_background&quot;:&quot;classic&quot;}\">\n\t\t<div class=\"elementor-element elementor-element-3dcd6c7 e-con-full e-flex e-con e-child\" data-id=\"3dcd6c7\" data-element_type=\"container\">\n\t\t<div class=\"elementor-element elementor-element-868db2f e-con-full e-flex e-con e-child\" data-id=\"868db2f\" data-element_type=\"container\">\n\t\t\t\t<div class=\"elementor-element elementor-element-fa41589 elementor-widget-mobile__width-initial elementor-widget elementor-widget-image\" data-id=\"fa41589\" data-element_type=\"widget\" data-widget_type=\"image.default\">\n\t\t\t\t\t\t\t\t\t\t\t\t\t\t\t<img decoding=\"async\" src=\"https:\/\/atlanticjetfly.com\/wp-content\/uploads\/2024\/12\/medical-1.png\" title=\"medical (1)\" alt=\"medical (1)\" loading=\"lazy\" \/>\t\t\t\t\t\t\t\t\t\t\t\t\t\t\t<\/div>\n\t\t\t\t<\/div>\n\t\t\t\t<div class=\"elementor-element elementor-element-2780621 elementor-widget-laptop__width-initial elementor-widget elementor-widget-heading\" data-id=\"2780621\" data-element_type=\"widget\" data-widget_type=\"heading.default\">\n\t\t\t\t\t<h3 class=\"elementor-heading-title elementor-size-default\">Transfert   M\u00e9dical\n<\/h3>\t\t\t\t<\/div>\n\t\t\t\t<div class=\"elementor-element elementor-element-8893212 elementor-widget-laptop__width-initial elementor-widget elementor-widget-heading\" data-id=\"8893212\" data-element_type=\"widget\" data-widget_type=\"heading.default\">\n\t\t\t\t\t<p class=\"elementor-heading-title elementor-size-default\">\u2022\nTransport inter-hospitalier\n<br>\u2022\nSuivi m\u00e9dical continu\n<br>\u2022\nCoordination avec les           h\u00f4pitaux\n<br>\u2022\nDocumentation m\u00e9dicale compl\u00e8te<\/p>\t\t\t\t<\/div>\n\t\t\t\t<\/div>\n\t\t\t\t<\/div>\n\t\t<div class=\"elementor-element elementor-element-a7b859e e-con-full e-flex e-con e-child\" data-id=\"a7b859e\" data-element_type=\"container\" data-settings=\"{&quot;background_background&quot;:&quot;classic&quot;}\">\n\t\t<div class=\"elementor-element elementor-element-77dbe2e e-con-full e-flex e-con e-child\" data-id=\"77dbe2e\" data-element_type=\"container\">\n\t\t<div class=\"elementor-element elementor-element-d82eff4 e-con-full e-flex e-con e-child\" data-id=\"d82eff4\" data-element_type=\"container\">\n\t\t\t\t<div class=\"elementor-element elementor-element-b2328fe elementor-widget-mobile__width-initial elementor-widget elementor-widget-image\" data-id=\"b2328fe\" data-element_type=\"widget\" data-widget_type=\"image.default\">\n\t\t\t\t\t\t\t\t\t\t\t\t\t\t\t<img decoding=\"async\" src=\"https:\/\/atlanticjetfly.com\/wp-content\/uploads\/2024\/12\/soins-de-sante-1.png\" title=\"soins-de-sante (1)\" alt=\"soins-de-sante (1)\" loading=\"lazy\" \/>\t\t\t\t\t\t\t\t\t\t\t\t\t\t\t<\/div>\n\t\t\t\t<\/div>\n\t\t\t\t<div class=\"elementor-element elementor-element-4d6ba2a elementor-widget-laptop__width-initial elementor-widget elementor-widget-heading\" data-id=\"4d6ba2a\" data-element_type=\"widget\" data-widget_type=\"heading.default\">\n\t\t\t\t\t<h3 class=\"elementor-heading-title elementor-size-default\">Assistance M\u00e9dicale\n<\/h3>\t\t\t\t<\/div>\n\t\t\t\t<div class=\"elementor-element elementor-element-137e8a5 elementor-widget-laptop__width-initial elementor-widget elementor-widget-heading\" data-id=\"137e8a5\" data-element_type=\"widget\" data-widget_type=\"heading.default\">\n\t\t\t\t\t<p class=\"elementor-heading-title elementor-size-default\">\u2022\nM\u00e9decins sp\u00e9cialis\u00e9s\n<br>\u2022\nInfirmiers qualifi\u00e9s\n<br>\u2022\nMonitoring constant\n<br>\u2022\nSoins intensifs en vol<\/p>\t\t\t\t<\/div>\n\t\t\t\t<\/div>\n\t\t\t\t<\/div>\n\t\t\t\t<\/div>\n\t\t\t\t\t<\/div>\n\t\t\t\t<\/div>\n\t\t<div class=\"elementor-element elementor-element-be18ffb e-flex e-con-boxed e-con e-parent\" data-id=\"be18ffb\" data-element_type=\"container\">\n\t\t\t\t\t<div class=\"e-con-inner\">\n\t\t<div class=\"elementor-element elementor-element-34d89f0 e-con-full e-flex e-con e-child\" data-id=\"34d89f0\" data-element_type=\"container\">\n\t\t<div class=\"elementor-element elementor-element-1a8780f e-con-full e-flex e-con e-child\" data-id=\"1a8780f\" data-element_type=\"container\" data-settings=\"{&quot;background_background&quot;:&quot;classic&quot;}\">\n\t\t<div class=\"elementor-element elementor-element-93b469b e-con-full e-flex e-con e-child\" data-id=\"93b469b\" data-element_type=\"container\">\n\t\t\t\t<div class=\"elementor-element elementor-element-5639bdb elementor-widget elementor-widget-heading\" data-id=\"5639bdb\" data-element_type=\"widget\" data-widget_type=\"heading.default\">\n\t\t\t\t\t<h3 class=\"elementor-heading-title elementor-size-default\">Contact d'Urgence 24\/7\n<\/h3>\t\t\t\t<\/div>\n\t\t\t\t<\/div>\n\t\t<div class=\"elementor-element elementor-element-1cb53bb e-con-full e-flex e-con e-child\" data-id=\"1cb53bb\" data-element_type=\"container\">\n\t\t\t\t<div class=\"elementor-element elementor-element-66048a5 elementor-widget elementor-widget-heading\" data-id=\"66048a5\" data-element_type=\"widget\" data-widget_type=\"heading.default\">\n\t\t\t\t\t<p class=\"elementor-heading-title elementor-size-default\">Notre \u00e9quipe est disponible 24h\/24 et 7j\/7 pour r\u00e9pondre \u00e0 vos urgences m\u00e9dicales<\/p>\t\t\t\t<\/div>\n\t\t\t\t<\/div>\n\t\t\t\t<\/div>\n\t\t\t\t<\/div>\n\t\t\t\t\t<\/div>\n\t\t\t\t<\/div>\n\t\t\t\t<\/div>\n\t\t","protected":false},"excerpt":{"rendered":"<p>\u00c9vacuation Sanitaire Service d&#8217;\u00e9vacuation m\u00e9dicale disponible 24\/7 avec \u00e9quipement de pointe et \u00e9quipe m\u00e9dicale exp\u00e9riment\u00e9e \u00c9vacuation d&#8217;Urgence \u2022 Disponibilit\u00e9 24\/7 \u2022 Intervention rapide \u2022 \u00c9quipement m\u00e9dical avanc\u00e9 \u2022 \u00c9quipe m\u00e9dicale qualifi\u00e9e Transfert M\u00e9dical \u2022 Transport inter-hospitalier \u2022 Suivi m\u00e9dical continu \u2022 Coordination avec les h\u00f4pitaux \u2022 Documentation m\u00e9dicale compl\u00e8te Assistance M\u00e9dicale \u2022 M\u00e9decins sp\u00e9cialis\u00e9s \u2022 [&hellip;]<\/p>\n","protected":false},"author":1,"featured_media":0,"parent":0,"menu_order":0,"comment_status":"closed","ping_status":"closed","template":"","meta":{"footnotes":""},"class_list":["post-235","page","type-page","status-publish","hentry"],"blocksy_meta":{"has_hero_section":"disabled","styles_descriptor":{"styles":{"desktop":"","tablet":"","mobile":""},"google_fonts":[],"version":6}},"_links":{"self":[{"href":"https:\/\/atlanticjetfly.com\/index.php\/wp-json\/wp\/v2\/pages\/235","targetHints":{"allow":["GET"]}}],"collection":[{"href":"https:\/\/atlanticjetfly.com\/index.php\/wp-json\/wp\/v2\/pages"}],"about":[{"href":"https:\/\/atlanticjetfly.com\/index.php\/wp-json\/wp\/v2\/types\/page"}],"author":[{"embeddable":true,"href":"https:\/\/atlanticjetfly.com\/index.php\/wp-json\/wp\/v2\/users\/1"}],"replies":[{"embeddable":true,"href":"https:\/\/atlanticjetfly.com\/index.php\/wp-json\/wp\/v2\/comments?post=235"}],"version-history":[{"count":112,"href":"https:\/\/atlanticjetfly.com\/index.php\/wp-json\/wp\/v2\/pages\/235\/revisions"}],"predecessor-version":[{"id":1271,"href":"https:\/\/atlanticjetfly.com\/index.php\/wp-json\/wp\/v2\/pages\/235\/revisions\/1271"}],"wp:attachment":[{"href":"https:\/\/atlanticjetfly.com\/index.php\/wp-json\/wp\/v2\/media?parent=235"}],"curies":[{"name":"wp","href":"https:\/\/api.w.org\/{rel}","templated":true}]}}