{"id":233,"date":"2024-12-12T09:34:08","date_gmt":"2024-12-12T08:34:08","guid":{"rendered":"http:\/\/atlanticjetfly.com\/?page_id=233"},"modified":"2025-01-16T10:46:06","modified_gmt":"2025-01-16T09:46:06","slug":"vols-prives","status":"publish","type":"page","link":"https:\/\/atlanticjetfly.com\/index.php\/vols-prives\/","title":{"rendered":"VOL PRIVE"},"content":{"rendered":"\t\t<div data-elementor-type=\"wp-page\" data-elementor-id=\"233\" class=\"elementor elementor-233\">\n\t\t\t\t<div class=\"elementor-element elementor-element-b5c8056 e-con-full e-flex e-con e-parent\" data-id=\"b5c8056\" data-element_type=\"container\" data-settings=\"{&quot;background_background&quot;:&quot;slideshow&quot;,&quot;background_slideshow_gallery&quot;:[{&quot;id&quot;:1046,&quot;url&quot;:&quot;http:\\\/\\\/atlanticjetfly.com\\\/wp-content\\\/uploads\\\/2024\\\/12\\\/tiyara.jpg&quot;}],&quot;background_slideshow_loop&quot;:&quot;yes&quot;,&quot;background_slideshow_slide_duration&quot;:5000,&quot;background_slideshow_slide_transition&quot;:&quot;fade&quot;,&quot;background_slideshow_transition_duration&quot;:500}\">\n\t\t\t\t<\/div>\n\t\t<div class=\"elementor-element elementor-element-34e63d1 e-flex e-con-boxed e-con e-parent\" data-id=\"34e63d1\" data-element_type=\"container\" data-settings=\"{&quot;background_background&quot;:&quot;slideshow&quot;,&quot;background_slideshow_gallery&quot;:[{&quot;id&quot;:624,&quot;url&quot;:&quot;http:\\\/\\\/atlanticjetfly.com\\\/wp-content\\\/uploads\\\/2024\\\/12\\\/line.jpg&quot;}],&quot;background_slideshow_loop&quot;:&quot;yes&quot;,&quot;background_slideshow_slide_duration&quot;:5000,&quot;background_slideshow_slide_transition&quot;:&quot;fade&quot;,&quot;background_slideshow_transition_duration&quot;:500}\">\n\t\t\t\t\t<div class=\"e-con-inner\">\n\t\t\t\t\t<\/div>\n\t\t\t\t<\/div>\n\t\t<div class=\"elementor-element elementor-element-a94eb78 e-flex e-con-boxed e-con e-parent\" data-id=\"a94eb78\" data-element_type=\"container\" data-settings=\"{&quot;background_background&quot;:&quot;classic&quot;}\">\n\t\t\t\t\t<div class=\"e-con-inner\">\n\t\t\t\t<div class=\"elementor-element elementor-element-710d4ad elementor-widget-divider--view-line_text elementor-widget-divider--element-align-left elementor-widget elementor-widget-divider\" data-id=\"710d4ad\" data-element_type=\"widget\" data-widget_type=\"divider.default\">\n\t\t\t\t\t\t\t<div class=\"elementor-divider\">\n\t\t\t<span class=\"elementor-divider-separator\">\n\t\t\t\t\t\t\t<h2 class=\"elementor-divider__text elementor-divider__element\">\n\t\t\t\tL'EXPERIENCE ATLANTIC JET FLY\t\t\t\t<\/h2>\n\t\t\t\t\t\t<\/span>\n\t\t<\/div>\n\t\t\t\t\t\t<\/div>\n\t\t<div class=\"elementor-element elementor-element-5fda92b e-con-full e-grid e-con e-child\" data-id=\"5fda92b\" data-element_type=\"container\">\n\t\t<div class=\"elementor-element elementor-element-b2593bc e-con-full e-flex e-con e-child\" data-id=\"b2593bc\" data-element_type=\"container\">\n\t\t\t\t<div class=\"elementor-element elementor-element-31d8925 elementor-widget elementor-widget-heading\" data-id=\"31d8925\" data-element_type=\"widget\" data-widget_type=\"heading.default\">\n\t\t\t\t\t<h5 class=\"elementor-heading-title elementor-size-default\">Une Excellence Sans Compromis\n<\/h5>\t\t\t\t<\/div>\n\t\t\t\t<div class=\"elementor-element elementor-element-05feae9 elementor-widget elementor-widget-heading\" data-id=\"05feae9\" data-element_type=\"widget\" data-widget_type=\"heading.default\">\n\t\t\t\t\t<p class=\"elementor-heading-title elementor-size-default\">ATLANTIC JET FLY red\u00e9finit l'exp\u00e9rience des vols priv\u00e9s avec une gamme in\u00e9gal\u00e9e de services \u00e0 bord.<BR> Chaque vol est une occasion de d\u00e9couvrir le v\u00e9ritable luxe a\u00e9rien, avec une attention particuli\u00e8re port\u00e9e aux moindres d\u00e9tails.<\/p>\t\t\t\t<\/div>\n\t\t\t\t<\/div>\n\t\t<div class=\"elementor-element elementor-element-30de6b3 e-flex e-con-boxed e-con e-child\" data-id=\"30de6b3\" data-element_type=\"container\">\n\t\t\t\t\t<div class=\"e-con-inner\">\n\t\t\t\t<div class=\"elementor-element elementor-element-d77f8d5 elementor-widget elementor-widget-heading\" data-id=\"d77f8d5\" data-element_type=\"widget\" data-widget_type=\"heading.default\">\n\t\t\t\t\t<h5 class=\"elementor-heading-title elementor-size-default\">Service Sur Mesure\n<\/h5>\t\t\t\t<\/div>\n\t\t\t\t<div class=\"elementor-element elementor-element-13af8b9 elementor-widget elementor-widget-heading\" data-id=\"13af8b9\" data-element_type=\"widget\" data-widget_type=\"heading.default\">\n\t\t\t\t\t<p class=\"elementor-heading-title elementor-size-default\">De la planification de votre vol \u00e0 votre arriv\u00e9e \u00e0 destination, \nnotre \u00e9quipe d\u00e9di\u00e9e s'assure que chaque aspect de votre voyage r\u00e9pond parfaitement \u00e0 vos attentes et besoins sp\u00e9cifiques.<\/p>\t\t\t\t<\/div>\n\t\t\t\t\t<\/div>\n\t\t\t\t<\/div>\n\t\t\t\t<\/div>\n\t\t\t\t\t<\/div>\n\t\t\t\t<\/div>\n\t\t<div class=\"elementor-element elementor-element-c7a799f e-flex e-con-boxed e-con e-parent\" data-id=\"c7a799f\" data-element_type=\"container\" data-settings=\"{&quot;background_background&quot;:&quot;classic&quot;}\">\n\t\t\t\t\t<div class=\"e-con-inner\">\n\t\t<div class=\"elementor-element elementor-element-0979a7d e-con-full e-flex e-con e-child\" data-id=\"0979a7d\" data-element_type=\"container\" data-settings=\"{&quot;background_background&quot;:&quot;classic&quot;}\">\n\t\t<div class=\"elementor-element elementor-element-f03cf55 e-con-full e-flex e-con e-child\" data-id=\"f03cf55\" data-element_type=\"container\">\n\t\t\t\t<div class=\"elementor-element elementor-element-54d0394 elementor-widget elementor-widget-heading\" data-id=\"54d0394\" data-element_type=\"widget\" data-widget_type=\"heading.default\">\n\t\t\t\t\t<h3 class=\"elementor-heading-title elementor-size-default\">R\u00e9servez Votre Vol Priv\u00e9\n<\/h3>\t\t\t\t<\/div>\n\t\t\t\t<\/div>\n\t\t<div class=\"elementor-element elementor-element-6884187 e-con-full e-flex e-con e-child\" data-id=\"6884187\" data-element_type=\"container\">\n\t\t\t\t<div class=\"elementor-element elementor-element-8c58e55 elementor-widget elementor-widget-heading\" data-id=\"8c58e55\" data-element_type=\"widget\" data-widget_type=\"heading.default\">\n\t\t\t\t\t<p class=\"elementor-heading-title elementor-size-default\">Contactez notre \u00e9quipe pour organiser votre prochain vol et d\u00e9couvrir l'excellence du service ATLANTIC JET FLY<\/p>\t\t\t\t<\/div>\n\t\t\t\t<\/div>\n\t\t\t\t<\/div>\n\t\t\t\t\t<\/div>\n\t\t\t\t<\/div>\n\t\t\t\t<\/div>\n\t\t","protected":false},"excerpt":{"rendered":"<p>L&#8217;EXPERIENCE ATLANTIC JET FLY Une Excellence Sans Compromis ATLANTIC JET FLY red\u00e9finit l&#8217;exp\u00e9rience des vols priv\u00e9s avec une gamme in\u00e9gal\u00e9e de services \u00e0 bord. Chaque vol est une occasion de d\u00e9couvrir le v\u00e9ritable luxe a\u00e9rien, avec une attention particuli\u00e8re port\u00e9e aux moindres d\u00e9tails. Service Sur Mesure De la planification de votre vol \u00e0 votre arriv\u00e9e [&hellip;]<\/p>\n","protected":false},"author":1,"featured_media":0,"parent":0,"menu_order":0,"comment_status":"closed","ping_status":"closed","template":"elementor_header_footer","meta":{"footnotes":""},"class_list":["post-233","page","type-page","status-publish","hentry"],"blocksy_meta":{"has_hero_section":"disabled","styles_descriptor":{"styles":{"desktop":"","tablet":"","mobile":""},"google_fonts":[],"version":6}},"_links":{"self":[{"href":"https:\/\/atlanticjetfly.com\/index.php\/wp-json\/wp\/v2\/pages\/233","targetHints":{"allow":["GET"]}}],"collection":[{"href":"https:\/\/atlanticjetfly.com\/index.php\/wp-json\/wp\/v2\/pages"}],"about":[{"href":"https:\/\/atlanticjetfly.com\/index.php\/wp-json\/wp\/v2\/types\/page"}],"author":[{"embeddable":true,"href":"https:\/\/atlanticjetfly.com\/index.php\/wp-json\/wp\/v2\/users\/1"}],"replies":[{"embeddable":true,"href":"https:\/\/atlanticjetfly.com\/index.php\/wp-json\/wp\/v2\/comments?post=233"}],"version-history":[{"count":224,"href":"https:\/\/atlanticjetfly.com\/index.php\/wp-json\/wp\/v2\/pages\/233\/revisions"}],"predecessor-version":[{"id":1296,"href":"https:\/\/atlanticjetfly.com\/index.php\/wp-json\/wp\/v2\/pages\/233\/revisions\/1296"}],"wp:attachment":[{"href":"https:\/\/atlanticjetfly.com\/index.php\/wp-json\/wp\/v2\/media?parent=233"}],"curies":[{"name":"wp","href":"https:\/\/api.w.org\/{rel}","templated":true}]}}